{"id":1843,"date":"2026-03-01T11:44:49","date_gmt":"2026-03-01T11:44:49","guid":{"rendered":"https:\/\/poolpro.ge\/?post_type=product&#038;p=1843"},"modified":"2026-04-26T06:40:39","modified_gmt":"2026-04-26T06:40:39","slug":"filter_media_v2","status":"publish","type":"product","link":"https:\/\/poolpro.ge\/en\/product\/filter_media_v2\/","title":{"rendered":"\u10e1\u10d0\u10e4\u10d8\u10da\u10e2\u10e0\u10d0\u10ea\u10d8\u10dd \u10d9\u10d5\u10d0\u10e0\u10ea\u10d8\u10e1 \u10d2\u10e0\u10d0\u10dc\u10e3\u10da\u10d0\u10e2\u10d8 0.4-0.8\u10db\u10db &#8211; 25\u10d9\u10d2"},"content":{"rendered":"<div class=\"container\">\n<div id=\"wrapper\">\n<div class=\"row\">\n<div class=\"col-12\">\n<div id=\"content\" class=\"content\">\n<div id=\"details_container\" class=\"details\">\n<div id=\"productinfo\" class=\"details-product-info\">\n<div id=\"detailsMain\">\n<div id=\"detailsRelated\" class=\"details-related\">\n<div class=\"row\">\n<div class=\"col-12 offset-lg-1 col-lg-10 p-lg-0\">\n<div class=\"details-related-info details-related-info-full\">\n<div class=\"details-tabs\">\n<div class=\"tab-content\">\n<div id=\"description\" class=\"tab-pane active\">\n<ul>\n<li>Sand f\u00fcr Sandfilteranlage, Filtersand f\u00fcr Pool<\/li>\n<li>Kantengerundet, pH-neutral, feuergetrocknet, entstaubt und gesiebt<\/li>\n<li>Gem\u00e4\u00df: DIN EN 12904, DIN EN 15798, DIN 4924<\/li>\n<li>SiO2 96,8 % \/ Fe2O3 0,10% \/ Al2O3 1,67 %<\/li>\n<li>S\u00e4urel\u00f6sliche Sulfate &lt;0,2 \/ H\u00e4rte ~7<\/li>\n<\/ul>\n<\/div>\n<\/div>\n<\/div>\n<\/div>\n<\/div>\n<\/div>\n<\/div>\n<\/div>\n<\/div>\n<\/div>\n<\/div>\n<\/div>\n<\/div>\n<\/div>\n<\/div>","protected":false},"excerpt":{"rendered":"<p>Sand f\u00fcr Sandfilteranlage, Filtersand f\u00fcr Pool Kantengerundet, pH-neutral, feuergetrocknet, entstaubt und gesiebt Gem\u00e4\u00df: DIN EN 12904, DIN EN 15798, DIN<\/p>","protected":false},"featured_media":1845,"comment_status":"open","ping_status":"closed","template":"","meta":[],"product_brand":[151],"product_cat":[163,76],"product_tag":[189],"class_list":{"0":"post-1843","1":"product","2":"type-product","3":"status-publish","4":"has-post-thumbnail","6":"product_brand-peraqua","7":"product_cat-kvarcis_granulati","8":"product_cat-safiltracio-kvarcis-granulati","9":"product_tag-189","11":"first","12":"instock","13":"shipping-taxable","14":"purchasable","15":"product-type-simple"},"yoast_head":"<!-- This site is optimized with the Yoast SEO plugin v27.3 - https:\/\/yoast.com\/product\/yoast-seo-wordpress\/ -->\n<title>\u10e1\u10d0\u10e4\u10d8\u10da\u10e2\u10e0\u10d0\u10ea\u10d8\u10dd \u10d9\u10d5\u10d0\u10e0\u10ea\u10d8\u10e1 \u10d2\u10e0\u10d0\u10dc\u10e3\u10da\u10d0\u10e2\u10d8 0.4-0.8\u10db\u10db - 25\u10d9\u10d2 - \u10e4\u10e3\u10da \u10de\u10e0\u10dd \/ poolpro \u10d0\u10e3\u10d6\u10d4\u10d1\u10d8\u10e1 \u10db\u10e8\u10d4\u10dc\u10d4\u10d1\u10da\u10dd\u10d1\u10d0<\/title>\n<meta name=\"robots\" content=\"index, follow, max-snippet:-1, max-image-preview:large, max-video-preview:-1\" \/>\n<link rel=\"canonical\" href=\"https:\/\/poolpro.ge\/en\/product\/filter_media_v2\/\" \/>\n<meta property=\"og:locale\" content=\"en_US\" \/>\n<meta property=\"og:type\" content=\"article\" \/>\n<meta property=\"og:title\" content=\"\u10e1\u10d0\u10e4\u10d8\u10da\u10e2\u10e0\u10d0\u10ea\u10d8\u10dd \u10d9\u10d5\u10d0\u10e0\u10ea\u10d8\u10e1 \u10d2\u10e0\u10d0\u10dc\u10e3\u10da\u10d0\u10e2\u10d8 0.4-0.8\u10db\u10db - 25\u10d9\u10d2 - \u10e4\u10e3\u10da \u10de\u10e0\u10dd \/ poolpro \u10d0\u10e3\u10d6\u10d4\u10d1\u10d8\u10e1 \u10db\u10e8\u10d4\u10dc\u10d4\u10d1\u10da\u10dd\u10d1\u10d0\" \/>\n<meta property=\"og:description\" content=\"Sand f\u00fcr Sandfilteranlage, Filtersand f\u00fcr Pool Kantengerundet, pH-neutral, feuergetrocknet, entstaubt und gesiebt Gem\u00e4\u00df: DIN EN 12904, DIN EN 15798, DIN\" \/>\n<meta property=\"og:url\" content=\"https:\/\/poolpro.ge\/en\/product\/filter_media_v2\/\" \/>\n<meta property=\"og:site_name\" content=\"\u10e4\u10e3\u10da \u10de\u10e0\u10dd \/ poolpro \u10d0\u10e3\u10d6\u10d4\u10d1\u10d8\u10e1 \u10db\u10e8\u10d4\u10dc\u10d4\u10d1\u10da\u10dd\u10d1\u10d0\" \/>\n<meta property=\"article:publisher\" content=\"https:\/\/www.facebook.com\/poolprogeorgia\" \/>\n<meta property=\"article:modified_time\" content=\"2026-04-26T06:40:39+00:00\" \/>\n<meta property=\"og:image\" content=\"https:\/\/poolpro.ge\/wp-content\/uploads\/2026\/03\/5637168071_20250730_09_19_15.jpg?v=1775852671\" \/>\n\t<meta property=\"og:image:width\" content=\"1200\" \/>\n\t<meta property=\"og:image:height\" content=\"1200\" \/>\n\t<meta property=\"og:image:type\" content=\"image\/jpeg\" \/>\n<meta name=\"twitter:card\" content=\"summary_large_image\" \/>\n<script type=\"application\/ld+json\" class=\"yoast-schema-graph\">{\"@context\":\"https:\\\/\\\/schema.org\",\"@graph\":[{\"@type\":\"WebPage\",\"@id\":\"https:\\\/\\\/poolpro.ge\\\/product\\\/filter_media_v2\\\/\",\"url\":\"https:\\\/\\\/poolpro.ge\\\/product\\\/filter_media_v2\\\/\",\"name\":\"\u10e1\u10d0\u10e4\u10d8\u10da\u10e2\u10e0\u10d0\u10ea\u10d8\u10dd \u10d9\u10d5\u10d0\u10e0\u10ea\u10d8\u10e1 \u10d2\u10e0\u10d0\u10dc\u10e3\u10da\u10d0\u10e2\u10d8 0.4-0.8\u10db\u10db - 25\u10d9\u10d2 - \u10e4\u10e3\u10da \u10de\u10e0\u10dd \\\/ poolpro \u10d0\u10e3\u10d6\u10d4\u10d1\u10d8\u10e1 \u10db\u10e8\u10d4\u10dc\u10d4\u10d1\u10da\u10dd\u10d1\u10d0\",\"isPartOf\":{\"@id\":\"https:\\\/\\\/poolpro.ge\\\/#website\"},\"primaryImageOfPage\":{\"@id\":\"https:\\\/\\\/poolpro.ge\\\/product\\\/filter_media_v2\\\/#primaryimage\"},\"image\":{\"@id\":\"https:\\\/\\\/poolpro.ge\\\/product\\\/filter_media_v2\\\/#primaryimage\"},\"thumbnailUrl\":\"https:\\\/\\\/poolpro.ge\\\/wp-content\\\/uploads\\\/2026\\\/03\\\/5637168071_20250730_09_19_15.jpg?v=1775852671\",\"datePublished\":\"2026-03-01T11:44:49+00:00\",\"dateModified\":\"2026-04-26T06:40:39+00:00\",\"breadcrumb\":{\"@id\":\"https:\\\/\\\/poolpro.ge\\\/product\\\/filter_media_v2\\\/#breadcrumb\"},\"inLanguage\":\"en-US\",\"potentialAction\":[{\"@type\":\"ReadAction\",\"target\":[\"https:\\\/\\\/poolpro.ge\\\/product\\\/filter_media_v2\\\/\"]}]},{\"@type\":\"ImageObject\",\"inLanguage\":\"en-US\",\"@id\":\"https:\\\/\\\/poolpro.ge\\\/product\\\/filter_media_v2\\\/#primaryimage\",\"url\":\"https:\\\/\\\/poolpro.ge\\\/wp-content\\\/uploads\\\/2026\\\/03\\\/5637168071_20250730_09_19_15.jpg?v=1775852671\",\"contentUrl\":\"https:\\\/\\\/poolpro.ge\\\/wp-content\\\/uploads\\\/2026\\\/03\\\/5637168071_20250730_09_19_15.jpg?v=1775852671\",\"width\":1200,\"height\":1200},{\"@type\":\"BreadcrumbList\",\"@id\":\"https:\\\/\\\/poolpro.ge\\\/product\\\/filter_media_v2\\\/#breadcrumb\",\"itemListElement\":[{\"@type\":\"ListItem\",\"position\":1,\"name\":\"Home\",\"item\":\"https:\\\/\\\/poolpro.ge\\\/\"},{\"@type\":\"ListItem\",\"position\":2,\"name\":\"Shop\",\"item\":\"https:\\\/\\\/poolpro.ge\\\/shop\\\/\"},{\"@type\":\"ListItem\",\"position\":3,\"name\":\"\u10e1\u10d0\u10e4\u10d8\u10da\u10e2\u10e0\u10d0\u10ea\u10d8\u10dd \u10d9\u10d5\u10d0\u10e0\u10ea\u10d8\u10e1 \u10d2\u10e0\u10d0\u10dc\u10e3\u10da\u10d0\u10e2\u10d8 0.4-0.8\u10db\u10db &#8211; 25\u10d9\u10d2\"}]},{\"@type\":\"WebSite\",\"@id\":\"https:\\\/\\\/poolpro.ge\\\/#website\",\"url\":\"https:\\\/\\\/poolpro.ge\\\/\",\"name\":\"Poolpro.ge \u10d0\u10e3\u10d6\u10d4\u10d1\u10d8\u10e1 \u10db\u10e8\u10d4\u10dc\u10d4\u10d1\u10da\u10dd\u10d1\u10d0\",\"description\":\"\u10d0\u10e3\u10d6\u10d4\u10d1\u10d8\u10e1 \u10db\u10e8\u10d4\u10dc\u10d4\u10d1\u10da\u10dd\u10d1\u10d0 \u10d3\u10d0 \u10db\u10dd\u10de\u10d8\u10e0\u10d9\u10d4\u10d7\u10d4\u10d1\u10d0\",\"publisher\":{\"@id\":\"https:\\\/\\\/poolpro.ge\\\/#organization\"},\"potentialAction\":[{\"@type\":\"SearchAction\",\"target\":{\"@type\":\"EntryPoint\",\"urlTemplate\":\"https:\\\/\\\/poolpro.ge\\\/?s={search_term_string}\"},\"query-input\":{\"@type\":\"PropertyValueSpecification\",\"valueRequired\":true,\"valueName\":\"search_term_string\"}}],\"inLanguage\":\"en-US\"},{\"@type\":\"Organization\",\"@id\":\"https:\\\/\\\/poolpro.ge\\\/#organization\",\"name\":\"Poolpro.ge \u10d0\u10e3\u10d6\u10d4\u10d1\u10d8\u10e1 \u10db\u10e8\u10d4\u10dc\u10d4\u10d1\u10da\u10dd\u10d1\u10d0\",\"url\":\"https:\\\/\\\/poolpro.ge\\\/\",\"logo\":{\"@type\":\"ImageObject\",\"inLanguage\":\"en-US\",\"@id\":\"https:\\\/\\\/poolpro.ge\\\/#\\\/schema\\\/logo\\\/image\\\/\",\"url\":\"https:\\\/\\\/poolpro.ge\\\/wp-content\\\/uploads\\\/2026\\\/04\\\/Logo-Facebook-Insta-100.jpg\",\"contentUrl\":\"https:\\\/\\\/poolpro.ge\\\/wp-content\\\/uploads\\\/2026\\\/04\\\/Logo-Facebook-Insta-100.jpg\",\"width\":1501,\"height\":1501,\"caption\":\"Poolpro.ge \u10d0\u10e3\u10d6\u10d4\u10d1\u10d8\u10e1 \u10db\u10e8\u10d4\u10dc\u10d4\u10d1\u10da\u10dd\u10d1\u10d0\"},\"image\":{\"@id\":\"https:\\\/\\\/poolpro.ge\\\/#\\\/schema\\\/logo\\\/image\\\/\"},\"sameAs\":[\"https:\\\/\\\/www.facebook.com\\\/poolprogeorgia\"]}]}<\/script>\n<!-- \/ Yoast SEO plugin. -->","yoast_head_json":{"title":"\u10e1\u10d0\u10e4\u10d8\u10da\u10e2\u10e0\u10d0\u10ea\u10d8\u10dd \u10d9\u10d5\u10d0\u10e0\u10ea\u10d8\u10e1 \u10d2\u10e0\u10d0\u10dc\u10e3\u10da\u10d0\u10e2\u10d8 0.4-0.8\u10db\u10db - 25\u10d9\u10d2 - \u10e4\u10e3\u10da \u10de\u10e0\u10dd \/ poolpro \u10d0\u10e3\u10d6\u10d4\u10d1\u10d8\u10e1 \u10db\u10e8\u10d4\u10dc\u10d4\u10d1\u10da\u10dd\u10d1\u10d0","robots":{"index":"index","follow":"follow","max-snippet":"max-snippet:-1","max-image-preview":"max-image-preview:large","max-video-preview":"max-video-preview:-1"},"canonical":"https:\/\/poolpro.ge\/en\/product\/filter_media_v2\/","og_locale":"en_US","og_type":"article","og_title":"\u10e1\u10d0\u10e4\u10d8\u10da\u10e2\u10e0\u10d0\u10ea\u10d8\u10dd \u10d9\u10d5\u10d0\u10e0\u10ea\u10d8\u10e1 \u10d2\u10e0\u10d0\u10dc\u10e3\u10da\u10d0\u10e2\u10d8 0.4-0.8\u10db\u10db - 25\u10d9\u10d2 - \u10e4\u10e3\u10da \u10de\u10e0\u10dd \/ poolpro \u10d0\u10e3\u10d6\u10d4\u10d1\u10d8\u10e1 \u10db\u10e8\u10d4\u10dc\u10d4\u10d1\u10da\u10dd\u10d1\u10d0","og_description":"Sand f\u00fcr Sandfilteranlage, Filtersand f\u00fcr Pool Kantengerundet, pH-neutral, feuergetrocknet, entstaubt und gesiebt Gem\u00e4\u00df: DIN EN 12904, DIN EN 15798, DIN","og_url":"https:\/\/poolpro.ge\/en\/product\/filter_media_v2\/","og_site_name":"\u10e4\u10e3\u10da \u10de\u10e0\u10dd \/ poolpro \u10d0\u10e3\u10d6\u10d4\u10d1\u10d8\u10e1 \u10db\u10e8\u10d4\u10dc\u10d4\u10d1\u10da\u10dd\u10d1\u10d0","article_publisher":"https:\/\/www.facebook.com\/poolprogeorgia","article_modified_time":"2026-04-26T06:40:39+00:00","og_image":[{"width":1200,"height":1200,"url":"https:\/\/poolpro.ge\/wp-content\/uploads\/2026\/03\/5637168071_20250730_09_19_15.jpg?v=1775852671","type":"image\/jpeg"}],"twitter_card":"summary_large_image","schema":{"@context":"https:\/\/schema.org","@graph":[{"@type":"WebPage","@id":"https:\/\/poolpro.ge\/product\/filter_media_v2\/","url":"https:\/\/poolpro.ge\/product\/filter_media_v2\/","name":"\u10e1\u10d0\u10e4\u10d8\u10da\u10e2\u10e0\u10d0\u10ea\u10d8\u10dd \u10d9\u10d5\u10d0\u10e0\u10ea\u10d8\u10e1 \u10d2\u10e0\u10d0\u10dc\u10e3\u10da\u10d0\u10e2\u10d8 0.4-0.8\u10db\u10db - 25\u10d9\u10d2 - \u10e4\u10e3\u10da \u10de\u10e0\u10dd \/ poolpro \u10d0\u10e3\u10d6\u10d4\u10d1\u10d8\u10e1 \u10db\u10e8\u10d4\u10dc\u10d4\u10d1\u10da\u10dd\u10d1\u10d0","isPartOf":{"@id":"https:\/\/poolpro.ge\/#website"},"primaryImageOfPage":{"@id":"https:\/\/poolpro.ge\/product\/filter_media_v2\/#primaryimage"},"image":{"@id":"https:\/\/poolpro.ge\/product\/filter_media_v2\/#primaryimage"},"thumbnailUrl":"https:\/\/poolpro.ge\/wp-content\/uploads\/2026\/03\/5637168071_20250730_09_19_15.jpg?v=1775852671","datePublished":"2026-03-01T11:44:49+00:00","dateModified":"2026-04-26T06:40:39+00:00","breadcrumb":{"@id":"https:\/\/poolpro.ge\/product\/filter_media_v2\/#breadcrumb"},"inLanguage":"en-US","potentialAction":[{"@type":"ReadAction","target":["https:\/\/poolpro.ge\/product\/filter_media_v2\/"]}]},{"@type":"ImageObject","inLanguage":"en-US","@id":"https:\/\/poolpro.ge\/product\/filter_media_v2\/#primaryimage","url":"https:\/\/poolpro.ge\/wp-content\/uploads\/2026\/03\/5637168071_20250730_09_19_15.jpg?v=1775852671","contentUrl":"https:\/\/poolpro.ge\/wp-content\/uploads\/2026\/03\/5637168071_20250730_09_19_15.jpg?v=1775852671","width":1200,"height":1200},{"@type":"BreadcrumbList","@id":"https:\/\/poolpro.ge\/product\/filter_media_v2\/#breadcrumb","itemListElement":[{"@type":"ListItem","position":1,"name":"Home","item":"https:\/\/poolpro.ge\/"},{"@type":"ListItem","position":2,"name":"Shop","item":"https:\/\/poolpro.ge\/shop\/"},{"@type":"ListItem","position":3,"name":"\u10e1\u10d0\u10e4\u10d8\u10da\u10e2\u10e0\u10d0\u10ea\u10d8\u10dd \u10d9\u10d5\u10d0\u10e0\u10ea\u10d8\u10e1 \u10d2\u10e0\u10d0\u10dc\u10e3\u10da\u10d0\u10e2\u10d8 0.4-0.8\u10db\u10db &#8211; 25\u10d9\u10d2"}]},{"@type":"WebSite","@id":"https:\/\/poolpro.ge\/#website","url":"https:\/\/poolpro.ge\/","name":"Poolpro.ge \u10d0\u10e3\u10d6\u10d4\u10d1\u10d8\u10e1 \u10db\u10e8\u10d4\u10dc\u10d4\u10d1\u10da\u10dd\u10d1\u10d0","description":"\u10d0\u10e3\u10d6\u10d4\u10d1\u10d8\u10e1 \u10db\u10e8\u10d4\u10dc\u10d4\u10d1\u10da\u10dd\u10d1\u10d0 \u10d3\u10d0 \u10db\u10dd\u10de\u10d8\u10e0\u10d9\u10d4\u10d7\u10d4\u10d1\u10d0","publisher":{"@id":"https:\/\/poolpro.ge\/#organization"},"potentialAction":[{"@type":"SearchAction","target":{"@type":"EntryPoint","urlTemplate":"https:\/\/poolpro.ge\/?s={search_term_string}"},"query-input":{"@type":"PropertyValueSpecification","valueRequired":true,"valueName":"search_term_string"}}],"inLanguage":"en-US"},{"@type":"Organization","@id":"https:\/\/poolpro.ge\/#organization","name":"Poolpro.ge \u10d0\u10e3\u10d6\u10d4\u10d1\u10d8\u10e1 \u10db\u10e8\u10d4\u10dc\u10d4\u10d1\u10da\u10dd\u10d1\u10d0","url":"https:\/\/poolpro.ge\/","logo":{"@type":"ImageObject","inLanguage":"en-US","@id":"https:\/\/poolpro.ge\/#\/schema\/logo\/image\/","url":"https:\/\/poolpro.ge\/wp-content\/uploads\/2026\/04\/Logo-Facebook-Insta-100.jpg","contentUrl":"https:\/\/poolpro.ge\/wp-content\/uploads\/2026\/04\/Logo-Facebook-Insta-100.jpg","width":1501,"height":1501,"caption":"Poolpro.ge \u10d0\u10e3\u10d6\u10d4\u10d1\u10d8\u10e1 \u10db\u10e8\u10d4\u10dc\u10d4\u10d1\u10da\u10dd\u10d1\u10d0"},"image":{"@id":"https:\/\/poolpro.ge\/#\/schema\/logo\/image\/"},"sameAs":["https:\/\/www.facebook.com\/poolprogeorgia"]}]}},"_links":{"self":[{"href":"https:\/\/poolpro.ge\/en\/wp-json\/wp\/v2\/product\/1843","targetHints":{"allow":["GET"]}}],"collection":[{"href":"https:\/\/poolpro.ge\/en\/wp-json\/wp\/v2\/product"}],"about":[{"href":"https:\/\/poolpro.ge\/en\/wp-json\/wp\/v2\/types\/product"}],"replies":[{"embeddable":true,"href":"https:\/\/poolpro.ge\/en\/wp-json\/wp\/v2\/comments?post=1843"}],"version-history":[{"count":1,"href":"https:\/\/poolpro.ge\/en\/wp-json\/wp\/v2\/product\/1843\/revisions"}],"predecessor-version":[{"id":3234,"href":"https:\/\/poolpro.ge\/en\/wp-json\/wp\/v2\/product\/1843\/revisions\/3234"}],"wp:featuredmedia":[{"embeddable":true,"href":"https:\/\/poolpro.ge\/en\/wp-json\/wp\/v2\/media\/1845"}],"wp:attachment":[{"href":"https:\/\/poolpro.ge\/en\/wp-json\/wp\/v2\/media?parent=1843"}],"wp:term":[{"taxonomy":"product_brand","embeddable":true,"href":"https:\/\/poolpro.ge\/en\/wp-json\/wp\/v2\/product_brand?post=1843"},{"taxonomy":"product_cat","embeddable":true,"href":"https:\/\/poolpro.ge\/en\/wp-json\/wp\/v2\/product_cat?post=1843"},{"taxonomy":"product_tag","embeddable":true,"href":"https:\/\/poolpro.ge\/en\/wp-json\/wp\/v2\/product_tag?post=1843"}],"curies":[{"name":"wp","href":"https:\/\/api.w.org\/{rel}","templated":true}]}}